{"id":2,"date":"2007-05-17T11:40:11","date_gmt":"2007-05-17T18:40:11","guid":{"rendered":""},"modified":"2007-10-30T05:35:40","modified_gmt":"2007-10-30T09:35:40","slug":"a-propos","status":"publish","type":"page","link":"https:\/\/www.whereismaxnow.com\/?page_id=2","title":{"rendered":"Me joindre"},"content":{"rendered":"<p>Il devrait y avoir 2 fa\u00e7ons de me joindre en tout temps:<\/p>\n<p>1- Par t\u00e9l\u00e9phone (voir plus bas)<\/p>\n<p>2- Par courriel (<a href=\"mailto:max@whereismaxnow.com\">max@whereismaxnow.com<\/a>)<\/p>\n<p>Par t\u00e9l\u00e9phone \u00e0 partir du Qu\u00e9bec.  Ca me ferait dont plaisir!!<\/p>\n<p>a) Utiliser un service comme YAK (tr\u00e8s \u00e9conomique et facile. Aucun frais de BELL)<\/p>\n<p>** Le code du pays est les chiffres suivant le +\u00a0 sur la page principale de mon site:<br \/>\nPour la Chine : 86<\/p>\n<p><strong>Utilisation sur une ligne residentielle <\/strong>: 1010 925 011 + code pays + num\u00e9ro de t\u00e9l\u00e9phone<br \/>\nAlors avec mon num\u00e9ro de la Chine, il faut faire : 1010 925 011 86 13651247906<\/p>\n<p>Avec un cell: +86 13651247906<\/p>\n<p><strong>Co\u00fbt <\/strong>: Entre 5-10 cents la minute, d\u00e9pendamment du pays o\u00f9 je me trouve.<\/p>\n","protected":false},"excerpt":{"rendered":"<p>Il devrait y avoir 2 fa\u00e7ons de me joindre en tout temps: 1- Par t\u00e9l\u00e9phone (voir plus bas) 2- Par courriel (max@whereismaxnow.com) Par t\u00e9l\u00e9phone \u00e0 partir du Qu\u00e9bec. Ca me ferait dont plaisir!! a) Utiliser un service comme YAK (tr\u00e8s \u00e9conomique et facile. Aucun frais de BELL) ** Le code du pays est les chiffres [&hellip;]<\/p>\n","protected":false},"author":2,"featured_media":0,"parent":0,"menu_order":0,"comment_status":"open","ping_status":"open","template":"","meta":{"footnotes":""},"_links":{"self":[{"href":"https:\/\/www.whereismaxnow.com\/index.php?rest_route=\/wp\/v2\/pages\/2"}],"collection":[{"href":"https:\/\/www.whereismaxnow.com\/index.php?rest_route=\/wp\/v2\/pages"}],"about":[{"href":"https:\/\/www.whereismaxnow.com\/index.php?rest_route=\/wp\/v2\/types\/page"}],"author":[{"embeddable":true,"href":"https:\/\/www.whereismaxnow.com\/index.php?rest_route=\/wp\/v2\/users\/2"}],"replies":[{"embeddable":true,"href":"https:\/\/www.whereismaxnow.com\/index.php?rest_route=%2Fwp%2Fv2%2Fcomments&post=2"}],"version-history":[{"count":0,"href":"https:\/\/www.whereismaxnow.com\/index.php?rest_route=\/wp\/v2\/pages\/2\/revisions"}],"wp:attachment":[{"href":"https:\/\/www.whereismaxnow.com\/index.php?rest_route=%2Fwp%2Fv2%2Fmedia&parent=2"}],"curies":[{"name":"wp","href":"https:\/\/api.w.org\/{rel}","templated":true}]}}